{"id":15,"date":"2023-09-16T11:01:12","date_gmt":"2023-09-16T11:01:12","guid":{"rendered":"https:\/\/xn--jubilum-9wa.armbrust-ettiswil.ch\/?page_id=15"},"modified":"2023-12-04T19:30:55","modified_gmt":"2023-12-04T19:30:55","slug":"ueber-uns","status":"publish","type":"page","link":"https:\/\/xn--jubilum-9wa.armbrust-ettiswil.ch\/index.php\/ueber-uns\/","title":{"rendered":"\u00dcber uns"},"content":{"rendered":"\n<p>Das Organisationskomitee stellt sicht vor.<\/p>\n\n\n\n<div class=\"wp-block-group alignwide has-global-padding is-layout-constrained wp-block-group-is-layout-constrained\">\n<div class=\"wp-block-columns alignwide is-layout-flex wp-container-core-columns-is-layout-28f84493 wp-block-columns-is-layout-flex\">\n<div class=\"wp-block-column is-layout-flow wp-block-column-is-layout-flow\">\n<div class=\"wp-block-columns is-layout-flex wp-container-core-columns-is-layout-28f84493 wp-block-columns-is-layout-flex\">\n<div class=\"wp-block-column is-layout-flow wp-block-column-is-layout-flow\" style=\"flex-basis:33.33%\">\n<figure class=\"wp-block-gallery has-nested-images columns-default is-cropped wp-block-gallery-1 is-layout-flex wp-block-gallery-is-layout-flex\">\n<figure class=\"wp-block-image size-full is-style-rounded\"><img loading=\"lazy\" decoding=\"async\" width=\"324\" height=\"324\" data-id=\"17\" src=\"https:\/\/xn--jubilum-9wa.armbrust-ettiswil.ch\/wp-content\/uploads\/2023\/09\/alois.png\" alt=\"\" class=\"wp-image-17\" srcset=\"https:\/\/xn--jubilum-9wa.armbrust-ettiswil.ch\/wp-content\/uploads\/2023\/09\/alois.png 324w, https:\/\/xn--jubilum-9wa.armbrust-ettiswil.ch\/wp-content\/uploads\/2023\/09\/alois-300x300.png 300w, https:\/\/xn--jubilum-9wa.armbrust-ettiswil.ch\/wp-content\/uploads\/2023\/09\/alois-150x150.png 150w\" sizes=\"auto, (max-width: 324px) 100vw, 324px\" \/><\/figure>\n<\/figure>\n<\/div>\n\n\n\n<div class=\"wp-block-column is-vertically-aligned-center is-layout-flow wp-container-core-column-is-layout-f5bb311e wp-block-column-is-layout-flow\" style=\"flex-basis:66.66%\">\n<h4 class=\"wp-block-heading has-text-align-left\" style=\"margin-top:0;margin-right:0;margin-bottom:0;margin-left:0\">Alois Suppiger<\/h4>\n\n\n\n<p><strong>Pr\u00e4sident<\/strong><\/p>\n\n\n\n<div class=\"wp-block-buttons is-content-justification-left is-layout-flex wp-container-core-buttons-is-layout-fc4fd283 wp-block-buttons-is-layout-flex\">\n<div class=\"wp-block-button has-custom-width wp-block-button__width-100 has-custom-font-size is-style-fill has-small-font-size\"><a class=\"wp-block-button__link has-base-color has-contrast-background-color has-text-color has-background wp-element-button\" href=\"mailto:alois.suppiger@armbrust-ettiswil.ch\" style=\"border-width:2px;border-radius:10px;padding-top:0;padding-right:var(--wp--preset--spacing--30);padding-bottom:0;padding-left:var(--wp--preset--spacing--30)\">Kontakt<\/a><\/div>\n<\/div>\n<\/div>\n<\/div>\n<\/div>\n\n\n\n<div class=\"wp-block-column is-layout-flow wp-block-column-is-layout-flow\">\n<div class=\"wp-block-columns is-layout-flex wp-container-core-columns-is-layout-28f84493 wp-block-columns-is-layout-flex\">\n<div class=\"wp-block-column is-layout-flow wp-block-column-is-layout-flow\" style=\"flex-basis:33.33%\">\n<figure class=\"wp-block-gallery has-nested-images columns-default is-cropped wp-block-gallery-2 is-layout-flex wp-block-gallery-is-layout-flex\">\n<figure class=\"wp-block-image size-full is-style-rounded\"><img loading=\"lazy\" decoding=\"async\" width=\"800\" height=\"800\" data-id=\"19\" src=\"https:\/\/xn--jubilum-9wa.armbrust-ettiswil.ch\/wp-content\/uploads\/2023\/09\/kari.png\" alt=\"\" class=\"wp-image-19\" srcset=\"https:\/\/xn--jubilum-9wa.armbrust-ettiswil.ch\/wp-content\/uploads\/2023\/09\/kari.png 800w, https:\/\/xn--jubilum-9wa.armbrust-ettiswil.ch\/wp-content\/uploads\/2023\/09\/kari-300x300.png 300w, https:\/\/xn--jubilum-9wa.armbrust-ettiswil.ch\/wp-content\/uploads\/2023\/09\/kari-150x150.png 150w, https:\/\/xn--jubilum-9wa.armbrust-ettiswil.ch\/wp-content\/uploads\/2023\/09\/kari-768x768.png 768w\" sizes=\"auto, (max-width: 800px) 100vw, 800px\" \/><\/figure>\n<\/figure>\n<\/div>\n\n\n\n<div class=\"wp-block-column is-layout-flow wp-container-core-column-is-layout-f5bb311e wp-block-column-is-layout-flow\" style=\"flex-basis:66.66%\">\n<h4 class=\"wp-block-heading has-text-align-left\">Kari Marbach<\/h4>\n\n\n\n<p><strong>Aktuar &amp; Finanzen<\/strong><\/p>\n\n\n\n<div class=\"wp-block-buttons is-content-justification-left is-layout-flex wp-container-core-buttons-is-layout-fc4fd283 wp-block-buttons-is-layout-flex\">\n<div class=\"wp-block-button has-custom-width wp-block-button__width-100 has-custom-font-size is-style-fill has-small-font-size\"><a class=\"wp-block-button__link has-base-color has-contrast-background-color has-text-color has-background wp-element-button\" href=\"mailto:kari.marbach@armbrust-ettiswil.ch\" style=\"border-width:2px;border-radius:10px;padding-top:0;padding-right:var(--wp--preset--spacing--30);padding-bottom:0;padding-left:var(--wp--preset--spacing--30)\">Kontakt<\/a><\/div>\n<\/div>\n<\/div>\n<\/div>\n<\/div>\n<\/div>\n\n\n\n<div class=\"wp-block-columns alignwide is-layout-flex wp-container-core-columns-is-layout-28f84493 wp-block-columns-is-layout-flex\">\n<div class=\"wp-block-column is-layout-flow wp-block-column-is-layout-flow\">\n<div class=\"wp-block-columns is-layout-flex wp-container-core-columns-is-layout-28f84493 wp-block-columns-is-layout-flex\">\n<div class=\"wp-block-column is-layout-flow wp-block-column-is-layout-flow\" style=\"flex-basis:33.33%\">\n<figure class=\"wp-block-gallery has-nested-images columns-default is-cropped wp-block-gallery-3 is-layout-flex wp-block-gallery-is-layout-flex\">\n<figure class=\"wp-block-image size-full is-style-rounded\"><img loading=\"lazy\" decoding=\"async\" width=\"500\" height=\"500\" data-id=\"18\" src=\"https:\/\/xn--jubilum-9wa.armbrust-ettiswil.ch\/wp-content\/uploads\/2023\/09\/tobias.png\" alt=\"\" class=\"wp-image-18\" srcset=\"https:\/\/xn--jubilum-9wa.armbrust-ettiswil.ch\/wp-content\/uploads\/2023\/09\/tobias.png 500w, https:\/\/xn--jubilum-9wa.armbrust-ettiswil.ch\/wp-content\/uploads\/2023\/09\/tobias-300x300.png 300w, https:\/\/xn--jubilum-9wa.armbrust-ettiswil.ch\/wp-content\/uploads\/2023\/09\/tobias-150x150.png 150w\" sizes=\"auto, (max-width: 500px) 100vw, 500px\" \/><\/figure>\n<\/figure>\n<\/div>\n\n\n\n<div class=\"wp-block-column is-layout-flow wp-container-core-column-is-layout-f5bb311e wp-block-column-is-layout-flow\" style=\"flex-basis:66.66%\">\n<h4 class=\"wp-block-heading has-text-align-left\">Tobias Felber<\/h4>\n\n\n\n<p><strong>Schiesswesen<\/strong><\/p>\n\n\n\n<div class=\"wp-block-buttons is-content-justification-left is-layout-flex wp-container-core-buttons-is-layout-fc4fd283 wp-block-buttons-is-layout-flex\">\n<div class=\"wp-block-button has-custom-width wp-block-button__width-100 has-custom-font-size is-style-fill has-small-font-size\"><a class=\"wp-block-button__link has-base-color has-contrast-background-color has-text-color has-background wp-element-button\" href=\"mailto:tobias.felber@armbrust-ettiswil.ch\" style=\"border-width:2px;border-radius:10px;padding-top:0;padding-right:var(--wp--preset--spacing--30);padding-bottom:0;padding-left:var(--wp--preset--spacing--30)\">Kontakt<\/a><\/div>\n<\/div>\n<\/div>\n<\/div>\n<\/div>\n\n\n\n<div class=\"wp-block-column is-layout-flow wp-block-column-is-layout-flow\">\n<div class=\"wp-block-columns is-layout-flex wp-container-core-columns-is-layout-28f84493 wp-block-columns-is-layout-flex\">\n<div class=\"wp-block-column is-layout-flow wp-block-column-is-layout-flow\" style=\"flex-basis:33.33%\">\n<figure class=\"wp-block-gallery has-nested-images columns-default is-cropped wp-block-gallery-4 is-layout-flex wp-block-gallery-is-layout-flex\">\n<figure class=\"wp-block-image size-large is-style-rounded\"><img loading=\"lazy\" decoding=\"async\" width=\"374\" height=\"426\" data-id=\"83\" src=\"https:\/\/xn--jubilum-9wa.armbrust-ettiswil.ch\/wp-content\/uploads\/2023\/11\/image.jpg\" alt=\"\" class=\"wp-image-83\" srcset=\"https:\/\/xn--jubilum-9wa.armbrust-ettiswil.ch\/wp-content\/uploads\/2023\/11\/image.jpg 374w, https:\/\/xn--jubilum-9wa.armbrust-ettiswil.ch\/wp-content\/uploads\/2023\/11\/image-263x300.jpg 263w\" sizes=\"auto, (max-width: 374px) 100vw, 374px\" \/><\/figure>\n<\/figure>\n<\/div>\n\n\n\n<div class=\"wp-block-column is-layout-flow wp-container-core-column-is-layout-f5bb311e wp-block-column-is-layout-flow\" style=\"flex-basis:66.66%\">\n<h4 class=\"wp-block-heading has-text-align-left\">Bernhard Schwegler<\/h4>\n\n\n\n<p><strong>Bauten &amp; Material<\/strong><\/p>\n\n\n\n<div class=\"wp-block-buttons is-content-justification-left is-layout-flex wp-container-core-buttons-is-layout-fc4fd283 wp-block-buttons-is-layout-flex\">\n<div class=\"wp-block-button has-custom-width wp-block-button__width-100 has-custom-font-size is-style-fill has-small-font-size\"><a class=\"wp-block-button__link has-base-color has-contrast-background-color has-text-color has-background wp-element-button\" href=\"mailto:bernhard.schwegler@armbrust-ettiswil.ch\" style=\"border-width:2px;border-radius:10px;padding-top:0;padding-right:var(--wp--preset--spacing--30);padding-bottom:0;padding-left:var(--wp--preset--spacing--30)\">Kontakt<\/a><\/div>\n<\/div>\n<\/div>\n<\/div>\n<\/div>\n<\/div>\n\n\n\n<div class=\"wp-block-columns alignwide is-layout-flex wp-container-core-columns-is-layout-28f84493 wp-block-columns-is-layout-flex\">\n<div class=\"wp-block-column is-layout-flow wp-block-column-is-layout-flow\">\n<div class=\"wp-block-columns is-layout-flex wp-container-core-columns-is-layout-28f84493 wp-block-columns-is-layout-flex\">\n<div class=\"wp-block-column is-layout-flow wp-block-column-is-layout-flow\" style=\"flex-basis:33.33%\">\n<figure class=\"wp-block-gallery has-nested-images columns-default is-cropped wp-block-gallery-5 is-layout-flex wp-block-gallery-is-layout-flex\">\n<figure class=\"wp-block-image size-large is-style-rounded\"><img loading=\"lazy\" decoding=\"async\" width=\"858\" height=\"856\" data-id=\"77\" src=\"https:\/\/xn--jubilum-9wa.armbrust-ettiswil.ch\/wp-content\/uploads\/2023\/10\/img_2277-1.jpg\" alt=\"\" class=\"wp-image-77\" srcset=\"https:\/\/xn--jubilum-9wa.armbrust-ettiswil.ch\/wp-content\/uploads\/2023\/10\/img_2277-1.jpg 858w, https:\/\/xn--jubilum-9wa.armbrust-ettiswil.ch\/wp-content\/uploads\/2023\/10\/img_2277-1-300x300.jpg 300w, https:\/\/xn--jubilum-9wa.armbrust-ettiswil.ch\/wp-content\/uploads\/2023\/10\/img_2277-1-150x150.jpg 150w, https:\/\/xn--jubilum-9wa.armbrust-ettiswil.ch\/wp-content\/uploads\/2023\/10\/img_2277-1-768x766.jpg 768w\" sizes=\"auto, (max-width: 858px) 100vw, 858px\" \/><\/figure>\n<\/figure>\n<\/div>\n\n\n\n<div class=\"wp-block-column is-layout-flow wp-container-core-column-is-layout-f5bb311e wp-block-column-is-layout-flow\" style=\"flex-basis:66.66%\">\n<h4 class=\"wp-block-heading has-text-align-left\">Hans Felber<\/h4>\n\n\n\n<p><strong>Personal<\/strong><\/p>\n\n\n\n<div class=\"wp-block-buttons is-content-justification-left is-layout-flex wp-container-core-buttons-is-layout-fc4fd283 wp-block-buttons-is-layout-flex\">\n<div class=\"wp-block-button has-custom-width wp-block-button__width-100 has-custom-font-size is-style-fill has-small-font-size\"><a class=\"wp-block-button__link has-base-color has-contrast-background-color has-text-color has-background wp-element-button\" href=\"mailto:hans.felber@armbrust-ettiswil.ch\" style=\"border-width:2px;border-radius:10px;padding-top:0;padding-right:var(--wp--preset--spacing--30);padding-bottom:0;padding-left:var(--wp--preset--spacing--30)\">Kontakt<\/a><\/div>\n<\/div>\n<\/div>\n<\/div>\n<\/div>\n\n\n\n<div class=\"wp-block-column is-layout-flow wp-block-column-is-layout-flow\">\n<div class=\"wp-block-columns is-layout-flex wp-container-core-columns-is-layout-28f84493 wp-block-columns-is-layout-flex\">\n<div class=\"wp-block-column is-layout-flow wp-block-column-is-layout-flow\" style=\"flex-basis:33.33%\">\n<figure class=\"wp-block-gallery has-nested-images columns-default is-cropped wp-block-gallery-6 is-layout-flex wp-block-gallery-is-layout-flex\">\n<figure class=\"wp-block-image size-full is-style-rounded\"><img loading=\"lazy\" decoding=\"async\" width=\"800\" height=\"800\" data-id=\"16\" src=\"https:\/\/xn--jubilum-9wa.armbrust-ettiswil.ch\/wp-content\/uploads\/2023\/09\/jonas.png\" alt=\"\" class=\"wp-image-16\" srcset=\"https:\/\/xn--jubilum-9wa.armbrust-ettiswil.ch\/wp-content\/uploads\/2023\/09\/jonas.png 800w, https:\/\/xn--jubilum-9wa.armbrust-ettiswil.ch\/wp-content\/uploads\/2023\/09\/jonas-300x300.png 300w, https:\/\/xn--jubilum-9wa.armbrust-ettiswil.ch\/wp-content\/uploads\/2023\/09\/jonas-150x150.png 150w, https:\/\/xn--jubilum-9wa.armbrust-ettiswil.ch\/wp-content\/uploads\/2023\/09\/jonas-768x768.png 768w\" sizes=\"auto, (max-width: 800px) 100vw, 800px\" \/><\/figure>\n<\/figure>\n<\/div>\n\n\n\n<div class=\"wp-block-column is-layout-flow wp-container-core-column-is-layout-8375afe5 wp-block-column-is-layout-flow\" style=\"border-style:none;border-width:0px;padding-top:0;padding-right:0;padding-bottom:0;padding-left:0;flex-basis:66.66%\">\n<h4 class=\"wp-block-heading has-text-align-left\">Jonas Hansen<\/h4>\n\n\n\n<p><strong>Rangeure &amp; Homepage<\/strong><\/p>\n\n\n\n<div class=\"wp-block-buttons is-content-justification-left is-layout-flex wp-container-core-buttons-is-layout-fc4fd283 wp-block-buttons-is-layout-flex\">\n<div class=\"wp-block-button has-custom-width wp-block-button__width-100 has-custom-font-size is-style-fill has-small-font-size\"><a class=\"wp-block-button__link has-base-color has-contrast-background-color has-text-color has-background wp-element-button\" href=\"mailto:jonas.hansen@asgbe.ch\" style=\"border-width:2px;border-radius:10px;padding-top:0;padding-right:var(--wp--preset--spacing--30);padding-bottom:0;padding-left:var(--wp--preset--spacing--30)\">Kontakt<\/a><\/div>\n<\/div>\n<\/div>\n<\/div>\n<\/div>\n<\/div>\n<\/div>\n\n\n\n<p><\/p>\n","protected":false},"excerpt":{"rendered":"<p>Das Organisationskomitee stellt sicht vor. Alois Suppiger Pr\u00e4sident Kari Marbach Aktuar &amp; Finanzen Tobias Felber Schiesswesen Bernhard Schwegler Bauten &amp; Material Hans Felber Personal Jonas Hansen Rangeure &amp; Homepage<\/p>\n","protected":false},"author":1,"featured_media":0,"parent":0,"menu_order":0,"comment_status":"closed","ping_status":"closed","template":"","meta":{"footnotes":""},"class_list":["post-15","page","type-page","status-publish","hentry"],"yoast_head":"<!-- This site is optimized with the Yoast SEO plugin v21.1 - https:\/\/yoast.com\/wordpress\/plugins\/seo\/ -->\n<title>\u00dcber uns - 60 Jahre Armbrustsch\u00fctzen Brestenegg-Ettiswil<\/title>\n<meta name=\"robots\" content=\"index, follow, max-snippet:-1, max-image-preview:large, max-video-preview:-1\" \/>\n<link rel=\"canonical\" href=\"https:\/\/xn--jubilum-9wa.armbrust-ettiswil.ch\/index.php\/ueber-uns\/\" \/>\n<meta property=\"og:locale\" content=\"de_DE\" \/>\n<meta property=\"og:type\" content=\"article\" \/>\n<meta property=\"og:title\" content=\"\u00dcber uns - 60 Jahre Armbrustsch\u00fctzen Brestenegg-Ettiswil\" \/>\n<meta property=\"og:description\" content=\"Das Organisationskomitee stellt sicht vor. Alois Suppiger Pr\u00e4sident Kari Marbach Aktuar &amp; Finanzen Tobias Felber Schiesswesen Bernhard Schwegler Bauten &amp; Material Hans Felber Personal Jonas Hansen Rangeure &amp; Homepage\" \/>\n<meta property=\"og:url\" content=\"https:\/\/xn--jubilum-9wa.armbrust-ettiswil.ch\/index.php\/ueber-uns\/\" \/>\n<meta property=\"og:site_name\" content=\"60 Jahre Armbrustsch\u00fctzen Brestenegg-Ettiswil\" \/>\n<meta property=\"article:modified_time\" content=\"2023-12-04T19:30:55+00:00\" \/>\n<meta property=\"og:image\" content=\"https:\/\/xn--jubilum-9wa.armbrust-ettiswil.ch\/wp-content\/uploads\/2023\/09\/alois.png\" \/>\n<meta name=\"twitter:card\" content=\"summary_large_image\" \/>\n<meta name=\"twitter:label1\" content=\"Gesch\u00e4tzte Lesezeit\" \/>\n\t<meta name=\"twitter:data1\" content=\"2\u00a0Minuten\" \/>\n<script type=\"application\/ld+json\" class=\"yoast-schema-graph\">{\"@context\":\"https:\/\/schema.org\",\"@graph\":[{\"@type\":\"WebPage\",\"@id\":\"https:\/\/xn--jubilum-9wa.armbrust-ettiswil.ch\/index.php\/ueber-uns\/\",\"url\":\"https:\/\/xn--jubilum-9wa.armbrust-ettiswil.ch\/index.php\/ueber-uns\/\",\"name\":\"\u00dcber uns - 60 Jahre Armbrustsch\u00fctzen Brestenegg-Ettiswil\",\"isPartOf\":{\"@id\":\"https:\/\/xn--jubilum-9wa.armbrust-ettiswil.ch\/#website\"},\"datePublished\":\"2023-09-16T11:01:12+00:00\",\"dateModified\":\"2023-12-04T19:30:55+00:00\",\"breadcrumb\":{\"@id\":\"https:\/\/xn--jubilum-9wa.armbrust-ettiswil.ch\/index.php\/ueber-uns\/#breadcrumb\"},\"inLanguage\":\"de\",\"potentialAction\":[{\"@type\":\"ReadAction\",\"target\":[\"https:\/\/xn--jubilum-9wa.armbrust-ettiswil.ch\/index.php\/ueber-uns\/\"]}]},{\"@type\":\"BreadcrumbList\",\"@id\":\"https:\/\/xn--jubilum-9wa.armbrust-ettiswil.ch\/index.php\/ueber-uns\/#breadcrumb\",\"itemListElement\":[{\"@type\":\"ListItem\",\"position\":1,\"name\":\"Startseite\",\"item\":\"https:\/\/xn--jubilum-9wa.armbrust-ettiswil.ch\/\"},{\"@type\":\"ListItem\",\"position\":2,\"name\":\"\u00dcber uns\"}]},{\"@type\":\"WebSite\",\"@id\":\"https:\/\/xn--jubilum-9wa.armbrust-ettiswil.ch\/#website\",\"url\":\"https:\/\/xn--jubilum-9wa.armbrust-ettiswil.ch\/\",\"name\":\"Jubil\u00e4umsschiessen 60 Jahre\",\"description\":\"\",\"publisher\":{\"@id\":\"https:\/\/xn--jubilum-9wa.armbrust-ettiswil.ch\/#organization\"},\"potentialAction\":[{\"@type\":\"SearchAction\",\"target\":{\"@type\":\"EntryPoint\",\"urlTemplate\":\"https:\/\/xn--jubilum-9wa.armbrust-ettiswil.ch\/?s={search_term_string}\"},\"query-input\":\"required name=search_term_string\"}],\"inLanguage\":\"de\"},{\"@type\":\"Organization\",\"@id\":\"https:\/\/xn--jubilum-9wa.armbrust-ettiswil.ch\/#organization\",\"name\":\"Armbrustsch\u00fctzen Brestenegg-Ettiswil\",\"url\":\"https:\/\/xn--jubilum-9wa.armbrust-ettiswil.ch\/\",\"logo\":{\"@type\":\"ImageObject\",\"inLanguage\":\"de\",\"@id\":\"https:\/\/xn--jubilum-9wa.armbrust-ettiswil.ch\/#\/schema\/logo\/image\/\",\"url\":\"https:\/\/xn--jubilum-9wa.armbrust-ettiswil.ch\/wp-content\/uploads\/2023\/09\/Logo-v5.png\",\"contentUrl\":\"https:\/\/xn--jubilum-9wa.armbrust-ettiswil.ch\/wp-content\/uploads\/2023\/09\/Logo-v5.png\",\"width\":4000,\"height\":2812,\"caption\":\"Armbrustsch\u00fctzen Brestenegg-Ettiswil\"},\"image\":{\"@id\":\"https:\/\/xn--jubilum-9wa.armbrust-ettiswil.ch\/#\/schema\/logo\/image\/\"}}]}<\/script>\n<!-- \/ Yoast SEO plugin. -->","yoast_head_json":{"title":"\u00dcber uns - 60 Jahre Armbrustsch\u00fctzen Brestenegg-Ettiswil","robots":{"index":"index","follow":"follow","max-snippet":"max-snippet:-1","max-image-preview":"max-image-preview:large","max-video-preview":"max-video-preview:-1"},"canonical":"https:\/\/xn--jubilum-9wa.armbrust-ettiswil.ch\/index.php\/ueber-uns\/","og_locale":"de_DE","og_type":"article","og_title":"\u00dcber uns - 60 Jahre Armbrustsch\u00fctzen Brestenegg-Ettiswil","og_description":"Das Organisationskomitee stellt sicht vor. Alois Suppiger Pr\u00e4sident Kari Marbach Aktuar &amp; Finanzen Tobias Felber Schiesswesen Bernhard Schwegler Bauten &amp; Material Hans Felber Personal Jonas Hansen Rangeure &amp; Homepage","og_url":"https:\/\/xn--jubilum-9wa.armbrust-ettiswil.ch\/index.php\/ueber-uns\/","og_site_name":"60 Jahre Armbrustsch\u00fctzen Brestenegg-Ettiswil","article_modified_time":"2023-12-04T19:30:55+00:00","og_image":[{"url":"https:\/\/xn--jubilum-9wa.armbrust-ettiswil.ch\/wp-content\/uploads\/2023\/09\/alois.png"}],"twitter_card":"summary_large_image","twitter_misc":{"Gesch\u00e4tzte Lesezeit":"2\u00a0Minuten"},"schema":{"@context":"https:\/\/schema.org","@graph":[{"@type":"WebPage","@id":"https:\/\/xn--jubilum-9wa.armbrust-ettiswil.ch\/index.php\/ueber-uns\/","url":"https:\/\/xn--jubilum-9wa.armbrust-ettiswil.ch\/index.php\/ueber-uns\/","name":"\u00dcber uns - 60 Jahre Armbrustsch\u00fctzen Brestenegg-Ettiswil","isPartOf":{"@id":"https:\/\/xn--jubilum-9wa.armbrust-ettiswil.ch\/#website"},"datePublished":"2023-09-16T11:01:12+00:00","dateModified":"2023-12-04T19:30:55+00:00","breadcrumb":{"@id":"https:\/\/xn--jubilum-9wa.armbrust-ettiswil.ch\/index.php\/ueber-uns\/#breadcrumb"},"inLanguage":"de","potentialAction":[{"@type":"ReadAction","target":["https:\/\/xn--jubilum-9wa.armbrust-ettiswil.ch\/index.php\/ueber-uns\/"]}]},{"@type":"BreadcrumbList","@id":"https:\/\/xn--jubilum-9wa.armbrust-ettiswil.ch\/index.php\/ueber-uns\/#breadcrumb","itemListElement":[{"@type":"ListItem","position":1,"name":"Startseite","item":"https:\/\/xn--jubilum-9wa.armbrust-ettiswil.ch\/"},{"@type":"ListItem","position":2,"name":"\u00dcber uns"}]},{"@type":"WebSite","@id":"https:\/\/xn--jubilum-9wa.armbrust-ettiswil.ch\/#website","url":"https:\/\/xn--jubilum-9wa.armbrust-ettiswil.ch\/","name":"Jubil\u00e4umsschiessen 60 Jahre","description":"","publisher":{"@id":"https:\/\/xn--jubilum-9wa.armbrust-ettiswil.ch\/#organization"},"potentialAction":[{"@type":"SearchAction","target":{"@type":"EntryPoint","urlTemplate":"https:\/\/xn--jubilum-9wa.armbrust-ettiswil.ch\/?s={search_term_string}"},"query-input":"required name=search_term_string"}],"inLanguage":"de"},{"@type":"Organization","@id":"https:\/\/xn--jubilum-9wa.armbrust-ettiswil.ch\/#organization","name":"Armbrustsch\u00fctzen Brestenegg-Ettiswil","url":"https:\/\/xn--jubilum-9wa.armbrust-ettiswil.ch\/","logo":{"@type":"ImageObject","inLanguage":"de","@id":"https:\/\/xn--jubilum-9wa.armbrust-ettiswil.ch\/#\/schema\/logo\/image\/","url":"https:\/\/xn--jubilum-9wa.armbrust-ettiswil.ch\/wp-content\/uploads\/2023\/09\/Logo-v5.png","contentUrl":"https:\/\/xn--jubilum-9wa.armbrust-ettiswil.ch\/wp-content\/uploads\/2023\/09\/Logo-v5.png","width":4000,"height":2812,"caption":"Armbrustsch\u00fctzen Brestenegg-Ettiswil"},"image":{"@id":"https:\/\/xn--jubilum-9wa.armbrust-ettiswil.ch\/#\/schema\/logo\/image\/"}}]}},"_links":{"self":[{"href":"https:\/\/xn--jubilum-9wa.armbrust-ettiswil.ch\/index.php\/wp-json\/wp\/v2\/pages\/15","targetHints":{"allow":["GET"]}}],"collection":[{"href":"https:\/\/xn--jubilum-9wa.armbrust-ettiswil.ch\/index.php\/wp-json\/wp\/v2\/pages"}],"about":[{"href":"https:\/\/xn--jubilum-9wa.armbrust-ettiswil.ch\/index.php\/wp-json\/wp\/v2\/types\/page"}],"author":[{"embeddable":true,"href":"https:\/\/xn--jubilum-9wa.armbrust-ettiswil.ch\/index.php\/wp-json\/wp\/v2\/users\/1"}],"replies":[{"embeddable":true,"href":"https:\/\/xn--jubilum-9wa.armbrust-ettiswil.ch\/index.php\/wp-json\/wp\/v2\/comments?post=15"}],"version-history":[{"count":13,"href":"https:\/\/xn--jubilum-9wa.armbrust-ettiswil.ch\/index.php\/wp-json\/wp\/v2\/pages\/15\/revisions"}],"predecessor-version":[{"id":90,"href":"https:\/\/xn--jubilum-9wa.armbrust-ettiswil.ch\/index.php\/wp-json\/wp\/v2\/pages\/15\/revisions\/90"}],"wp:attachment":[{"href":"https:\/\/xn--jubilum-9wa.armbrust-ettiswil.ch\/index.php\/wp-json\/wp\/v2\/media?parent=15"}],"curies":[{"name":"wp","href":"https:\/\/api.w.org\/{rel}","templated":true}]}}