{"id":104,"date":"2023-12-28T19:59:14","date_gmt":"2023-12-28T19:59:14","guid":{"rendered":"https:\/\/xn--jubilum-9wa.armbrust-ettiswil.ch\/?page_id=104"},"modified":"2023-12-28T19:59:15","modified_gmt":"2023-12-28T19:59:15","slug":"rahmenprogramm","status":"publish","type":"page","link":"https:\/\/xn--jubilum-9wa.armbrust-ettiswil.ch\/index.php\/rahmenprogramm\/","title":{"rendered":"Rahmenprogramm"},"content":{"rendered":"\n<h2 class=\"wp-block-heading\">F\u00fcrobebier, Wurst und Brot Festival<\/h2>\n\n\n\n<p>Nach einem anstrengenden Arbeits- oder Schiessprogramm gibt es nichts besseres, als den Abend in geselliger Runde bei Bier, Wurst &amp; Brot ausklingen zu lassen \ud83c\udf7a<\/p>\n\n\n\n<p>Selbstverst\u00e4ndlich sind sind wir Ettiswiler daf\u00fcr jederzeit gewappnet. Wir laden alle Schlachtenbummler, Sch\u00fctzen und Freunde der Armbrustsch\u00fctzen herzlich zu unserem geselligen Abend ein und hoffen auf sch\u00f6ne Stunden in der Brestenegg.<\/p>\n\n\n\n<p><strong>Datum<\/strong>: 24. Mai 2024<br><strong>Zeit<\/strong>: ab 17:00<\/p>\n\n\n\n<h2 class=\"wp-block-heading\">Grosser Sch\u00fctzenbrunch<\/h2>\n\n\n\n<p>Brunch \u00e0 dis\u00adcr\u00e9\u00adti\u00adon ist eine feine Sache. Umso besser, wenn man dies mit Armbrustschiessen verbinden kann. Zum Abschluss unseres Jubil\u00e4ums laden wir Alle zu unserem Brunch ein.<\/p>\n\n\n\n<p><strong>Datum<\/strong>: Sonntag, 02. Juni 2024<br><strong>Zeit<\/strong>: 09:00 bis 13:00<br><strong>Kosten<\/strong>: CHF 25.00 pro Person<br><strong>Anmeldeschluss<\/strong>: 30. Mai 2024<br><strong>Anmeldung<\/strong>: <a href=\"mailto:brunch@armbrust-ettiswil.ch\">brunch@armbrust-ettiswil.ch<\/a> oder <a href=\"tel:0793411771\">079 341 17 71<\/a><\/p>\n","protected":false},"excerpt":{"rendered":"<p>F\u00fcrobebier, Wurst und Brot Festival Nach einem anstrengenden Arbeits- oder Schiessprogramm gibt es nichts besseres, als den Abend in geselliger Runde bei Bier, Wurst &amp; Brot ausklingen zu lassen \ud83c\udf7a Selbstverst\u00e4ndlich sind sind wir Ettiswiler daf\u00fcr jederzeit gewappnet. Wir laden alle Schlachtenbummler, Sch\u00fctzen und Freunde der Armbrustsch\u00fctzen herzlich zu unserem geselligen Abend ein und hoffen [&hellip;]<\/p>\n","protected":false},"author":1,"featured_media":0,"parent":0,"menu_order":0,"comment_status":"closed","ping_status":"closed","template":"","meta":{"footnotes":""},"class_list":["post-104","page","type-page","status-publish","hentry"],"yoast_head":"<!-- This site is optimized with the Yoast SEO plugin v21.1 - https:\/\/yoast.com\/wordpress\/plugins\/seo\/ -->\n<title>Rahmenprogramm - 60 Jahre Armbrustsch\u00fctzen Brestenegg-Ettiswil<\/title>\n<meta name=\"robots\" content=\"index, follow, max-snippet:-1, max-image-preview:large, max-video-preview:-1\" \/>\n<link rel=\"canonical\" href=\"https:\/\/xn--jubilum-9wa.armbrust-ettiswil.ch\/index.php\/rahmenprogramm\/\" \/>\n<meta property=\"og:locale\" content=\"de_DE\" \/>\n<meta property=\"og:type\" content=\"article\" \/>\n<meta property=\"og:title\" content=\"Rahmenprogramm - 60 Jahre Armbrustsch\u00fctzen Brestenegg-Ettiswil\" \/>\n<meta property=\"og:description\" content=\"F\u00fcrobebier, Wurst und Brot Festival Nach einem anstrengenden Arbeits- oder Schiessprogramm gibt es nichts besseres, als den Abend in geselliger Runde bei Bier, Wurst &amp; Brot ausklingen zu lassen \ud83c\udf7a Selbstverst\u00e4ndlich sind sind wir Ettiswiler daf\u00fcr jederzeit gewappnet. Wir laden alle Schlachtenbummler, Sch\u00fctzen und Freunde der Armbrustsch\u00fctzen herzlich zu unserem geselligen Abend ein und hoffen [&hellip;]\" \/>\n<meta property=\"og:url\" content=\"https:\/\/xn--jubilum-9wa.armbrust-ettiswil.ch\/index.php\/rahmenprogramm\/\" \/>\n<meta property=\"og:site_name\" content=\"60 Jahre Armbrustsch\u00fctzen Brestenegg-Ettiswil\" \/>\n<meta property=\"article:modified_time\" content=\"2023-12-28T19:59:15+00:00\" \/>\n<meta name=\"twitter:card\" content=\"summary_large_image\" \/>\n<meta name=\"twitter:label1\" content=\"Gesch\u00e4tzte Lesezeit\" \/>\n\t<meta name=\"twitter:data1\" content=\"1\u00a0Minute\" \/>\n<script type=\"application\/ld+json\" class=\"yoast-schema-graph\">{\"@context\":\"https:\/\/schema.org\",\"@graph\":[{\"@type\":\"WebPage\",\"@id\":\"https:\/\/xn--jubilum-9wa.armbrust-ettiswil.ch\/index.php\/rahmenprogramm\/\",\"url\":\"https:\/\/xn--jubilum-9wa.armbrust-ettiswil.ch\/index.php\/rahmenprogramm\/\",\"name\":\"Rahmenprogramm - 60 Jahre Armbrustsch\u00fctzen Brestenegg-Ettiswil\",\"isPartOf\":{\"@id\":\"https:\/\/xn--jubilum-9wa.armbrust-ettiswil.ch\/#website\"},\"datePublished\":\"2023-12-28T19:59:14+00:00\",\"dateModified\":\"2023-12-28T19:59:15+00:00\",\"breadcrumb\":{\"@id\":\"https:\/\/xn--jubilum-9wa.armbrust-ettiswil.ch\/index.php\/rahmenprogramm\/#breadcrumb\"},\"inLanguage\":\"de\",\"potentialAction\":[{\"@type\":\"ReadAction\",\"target\":[\"https:\/\/xn--jubilum-9wa.armbrust-ettiswil.ch\/index.php\/rahmenprogramm\/\"]}]},{\"@type\":\"BreadcrumbList\",\"@id\":\"https:\/\/xn--jubilum-9wa.armbrust-ettiswil.ch\/index.php\/rahmenprogramm\/#breadcrumb\",\"itemListElement\":[{\"@type\":\"ListItem\",\"position\":1,\"name\":\"Startseite\",\"item\":\"https:\/\/xn--jubilum-9wa.armbrust-ettiswil.ch\/\"},{\"@type\":\"ListItem\",\"position\":2,\"name\":\"Rahmenprogramm\"}]},{\"@type\":\"WebSite\",\"@id\":\"https:\/\/xn--jubilum-9wa.armbrust-ettiswil.ch\/#website\",\"url\":\"https:\/\/xn--jubilum-9wa.armbrust-ettiswil.ch\/\",\"name\":\"Jubil\u00e4umsschiessen 60 Jahre\",\"description\":\"\",\"publisher\":{\"@id\":\"https:\/\/xn--jubilum-9wa.armbrust-ettiswil.ch\/#organization\"},\"potentialAction\":[{\"@type\":\"SearchAction\",\"target\":{\"@type\":\"EntryPoint\",\"urlTemplate\":\"https:\/\/xn--jubilum-9wa.armbrust-ettiswil.ch\/?s={search_term_string}\"},\"query-input\":\"required name=search_term_string\"}],\"inLanguage\":\"de\"},{\"@type\":\"Organization\",\"@id\":\"https:\/\/xn--jubilum-9wa.armbrust-ettiswil.ch\/#organization\",\"name\":\"Armbrustsch\u00fctzen Brestenegg-Ettiswil\",\"url\":\"https:\/\/xn--jubilum-9wa.armbrust-ettiswil.ch\/\",\"logo\":{\"@type\":\"ImageObject\",\"inLanguage\":\"de\",\"@id\":\"https:\/\/xn--jubilum-9wa.armbrust-ettiswil.ch\/#\/schema\/logo\/image\/\",\"url\":\"https:\/\/xn--jubilum-9wa.armbrust-ettiswil.ch\/wp-content\/uploads\/2023\/09\/Logo-v5.png\",\"contentUrl\":\"https:\/\/xn--jubilum-9wa.armbrust-ettiswil.ch\/wp-content\/uploads\/2023\/09\/Logo-v5.png\",\"width\":4000,\"height\":2812,\"caption\":\"Armbrustsch\u00fctzen Brestenegg-Ettiswil\"},\"image\":{\"@id\":\"https:\/\/xn--jubilum-9wa.armbrust-ettiswil.ch\/#\/schema\/logo\/image\/\"}}]}<\/script>\n<!-- \/ Yoast SEO plugin. -->","yoast_head_json":{"title":"Rahmenprogramm - 60 Jahre Armbrustsch\u00fctzen Brestenegg-Ettiswil","robots":{"index":"index","follow":"follow","max-snippet":"max-snippet:-1","max-image-preview":"max-image-preview:large","max-video-preview":"max-video-preview:-1"},"canonical":"https:\/\/xn--jubilum-9wa.armbrust-ettiswil.ch\/index.php\/rahmenprogramm\/","og_locale":"de_DE","og_type":"article","og_title":"Rahmenprogramm - 60 Jahre Armbrustsch\u00fctzen Brestenegg-Ettiswil","og_description":"F\u00fcrobebier, Wurst und Brot Festival Nach einem anstrengenden Arbeits- oder Schiessprogramm gibt es nichts besseres, als den Abend in geselliger Runde bei Bier, Wurst &amp; Brot ausklingen zu lassen \ud83c\udf7a Selbstverst\u00e4ndlich sind sind wir Ettiswiler daf\u00fcr jederzeit gewappnet. Wir laden alle Schlachtenbummler, Sch\u00fctzen und Freunde der Armbrustsch\u00fctzen herzlich zu unserem geselligen Abend ein und hoffen [&hellip;]","og_url":"https:\/\/xn--jubilum-9wa.armbrust-ettiswil.ch\/index.php\/rahmenprogramm\/","og_site_name":"60 Jahre Armbrustsch\u00fctzen Brestenegg-Ettiswil","article_modified_time":"2023-12-28T19:59:15+00:00","twitter_card":"summary_large_image","twitter_misc":{"Gesch\u00e4tzte Lesezeit":"1\u00a0Minute"},"schema":{"@context":"https:\/\/schema.org","@graph":[{"@type":"WebPage","@id":"https:\/\/xn--jubilum-9wa.armbrust-ettiswil.ch\/index.php\/rahmenprogramm\/","url":"https:\/\/xn--jubilum-9wa.armbrust-ettiswil.ch\/index.php\/rahmenprogramm\/","name":"Rahmenprogramm - 60 Jahre Armbrustsch\u00fctzen Brestenegg-Ettiswil","isPartOf":{"@id":"https:\/\/xn--jubilum-9wa.armbrust-ettiswil.ch\/#website"},"datePublished":"2023-12-28T19:59:14+00:00","dateModified":"2023-12-28T19:59:15+00:00","breadcrumb":{"@id":"https:\/\/xn--jubilum-9wa.armbrust-ettiswil.ch\/index.php\/rahmenprogramm\/#breadcrumb"},"inLanguage":"de","potentialAction":[{"@type":"ReadAction","target":["https:\/\/xn--jubilum-9wa.armbrust-ettiswil.ch\/index.php\/rahmenprogramm\/"]}]},{"@type":"BreadcrumbList","@id":"https:\/\/xn--jubilum-9wa.armbrust-ettiswil.ch\/index.php\/rahmenprogramm\/#breadcrumb","itemListElement":[{"@type":"ListItem","position":1,"name":"Startseite","item":"https:\/\/xn--jubilum-9wa.armbrust-ettiswil.ch\/"},{"@type":"ListItem","position":2,"name":"Rahmenprogramm"}]},{"@type":"WebSite","@id":"https:\/\/xn--jubilum-9wa.armbrust-ettiswil.ch\/#website","url":"https:\/\/xn--jubilum-9wa.armbrust-ettiswil.ch\/","name":"Jubil\u00e4umsschiessen 60 Jahre","description":"","publisher":{"@id":"https:\/\/xn--jubilum-9wa.armbrust-ettiswil.ch\/#organization"},"potentialAction":[{"@type":"SearchAction","target":{"@type":"EntryPoint","urlTemplate":"https:\/\/xn--jubilum-9wa.armbrust-ettiswil.ch\/?s={search_term_string}"},"query-input":"required name=search_term_string"}],"inLanguage":"de"},{"@type":"Organization","@id":"https:\/\/xn--jubilum-9wa.armbrust-ettiswil.ch\/#organization","name":"Armbrustsch\u00fctzen Brestenegg-Ettiswil","url":"https:\/\/xn--jubilum-9wa.armbrust-ettiswil.ch\/","logo":{"@type":"ImageObject","inLanguage":"de","@id":"https:\/\/xn--jubilum-9wa.armbrust-ettiswil.ch\/#\/schema\/logo\/image\/","url":"https:\/\/xn--jubilum-9wa.armbrust-ettiswil.ch\/wp-content\/uploads\/2023\/09\/Logo-v5.png","contentUrl":"https:\/\/xn--jubilum-9wa.armbrust-ettiswil.ch\/wp-content\/uploads\/2023\/09\/Logo-v5.png","width":4000,"height":2812,"caption":"Armbrustsch\u00fctzen Brestenegg-Ettiswil"},"image":{"@id":"https:\/\/xn--jubilum-9wa.armbrust-ettiswil.ch\/#\/schema\/logo\/image\/"}}]}},"_links":{"self":[{"href":"https:\/\/xn--jubilum-9wa.armbrust-ettiswil.ch\/index.php\/wp-json\/wp\/v2\/pages\/104","targetHints":{"allow":["GET"]}}],"collection":[{"href":"https:\/\/xn--jubilum-9wa.armbrust-ettiswil.ch\/index.php\/wp-json\/wp\/v2\/pages"}],"about":[{"href":"https:\/\/xn--jubilum-9wa.armbrust-ettiswil.ch\/index.php\/wp-json\/wp\/v2\/types\/page"}],"author":[{"embeddable":true,"href":"https:\/\/xn--jubilum-9wa.armbrust-ettiswil.ch\/index.php\/wp-json\/wp\/v2\/users\/1"}],"replies":[{"embeddable":true,"href":"https:\/\/xn--jubilum-9wa.armbrust-ettiswil.ch\/index.php\/wp-json\/wp\/v2\/comments?post=104"}],"version-history":[{"count":1,"href":"https:\/\/xn--jubilum-9wa.armbrust-ettiswil.ch\/index.php\/wp-json\/wp\/v2\/pages\/104\/revisions"}],"predecessor-version":[{"id":105,"href":"https:\/\/xn--jubilum-9wa.armbrust-ettiswil.ch\/index.php\/wp-json\/wp\/v2\/pages\/104\/revisions\/105"}],"wp:attachment":[{"href":"https:\/\/xn--jubilum-9wa.armbrust-ettiswil.ch\/index.php\/wp-json\/wp\/v2\/media?parent=104"}],"curies":[{"name":"wp","href":"https:\/\/api.w.org\/{rel}","templated":true}]}}